{"id":192,"date":"2022-03-12T20:20:44","date_gmt":"2022-03-12T19:20:44","guid":{"rendered":"https:\/\/bacchanalia.enmisitio.es\/?page_id=192"},"modified":"2022-03-27T19:03:43","modified_gmt":"2022-03-27T18:03:43","slug":"condiciones","status":"publish","type":"page","link":"https:\/\/bacchanalia.enmisitio.es\/index.php\/condiciones\/","title":{"rendered":"Condiciones"},"content":{"rendered":"\t\t<div data-elementor-type=\"wp-page\" data-elementor-id=\"192\" class=\"elementor elementor-192\">\n\t\t\t\t\t\t<section class=\"elementor-section elementor-top-section elementor-element elementor-element-8c943f2 elementor-section-boxed elementor-section-height-default elementor-section-height-default\" data-id=\"8c943f2\" data-element_type=\"section\" data-e-type=\"section\">\n\t\t\t\t\t\t<div class=\"elementor-container elementor-column-gap-default\">\n\t\t\t\t\t<div class=\"elementor-column elementor-col-100 elementor-top-column elementor-element elementor-element-85236f0\" data-id=\"85236f0\" data-element_type=\"column\" data-e-type=\"column\">\n\t\t\t<div class=\"elementor-widget-wrap elementor-element-populated\">\n\t\t\t\t\t\t<div class=\"elementor-element elementor-element-6a4b72c elementor-widget elementor-widget-heading\" data-id=\"6a4b72c\" data-element_type=\"widget\" data-e-type=\"widget\" data-widget_type=\"heading.default\">\n\t\t\t\t<div class=\"elementor-widget-container\">\n\t\t\t\t\t<h2 class=\"elementor-heading-title elementor-size-default\">CONDICIONES<\/h2>\t\t\t\t<\/div>\n\t\t\t\t<\/div>\n\t\t\t\t\t<\/div>\n\t\t<\/div>\n\t\t\t\t\t<\/div>\n\t\t<\/section>\n\t\t\t\t<section class=\"elementor-section elementor-top-section elementor-element elementor-element-081519e elementor-section-content-middle elementor-section-boxed elementor-section-height-default elementor-section-height-default\" data-id=\"081519e\" data-element_type=\"section\" data-e-type=\"section\">\n\t\t\t\t\t\t<div class=\"elementor-container elementor-column-gap-default\">\n\t\t\t\t\t<div class=\"elementor-column elementor-col-100 elementor-top-column elementor-element elementor-element-c870a64\" data-id=\"c870a64\" data-element_type=\"column\" data-e-type=\"column\">\n\t\t\t<div class=\"elementor-widget-wrap elementor-element-populated\">\n\t\t\t\t\t\t<div class=\"elementor-element elementor-element-412f070 elementor-widget elementor-widget-text-editor\" data-id=\"412f070\" data-element_type=\"widget\" data-e-type=\"widget\" data-widget_type=\"text-editor.default\">\n\t\t\t\t<div class=\"elementor-widget-container\">\n\t\t\t\t\t\t\t\t\t<p>Para continuar, debes aceptar las siguientes condiciones:<\/p><ul><li>Si est\u00e1s leyendo esto, significa que has sido personal y formalmente invitado. Nadie m\u00e1s deber\u00eda acceder a este sitio, salvo invitaci\u00f3n por parte del organizador.<\/li><li>Este es un sitio de amigos, por lo tanto, el RESPETO y la cordialidad, se dan por supuestos.<\/li><li>Todo el contenido de este sitio es privado y es un requerimiento indispensable mantener la discreci\u00f3n acerca del mismo.<\/li><li>Es por ello que debe mantenerse el ANONIMATO en cualquier comunicaci\u00f3n y utilizarse los cauces establecidos para ello.<\/li><li>Utilizar nombres reales o realizar cualquier conjetura sobre la identidad real de cualquier participante, puede ser objeto de expulsi\u00f3n fulminante e incluso de cancelaci\u00f3n del evento.<\/li><li>Todo llegar\u00e1, o no, pero hasta el momento de la decisi\u00f3n, es MUY importante mantener el anonimato para as\u00ed respetar y no coaccionar las decisiones y libertad de cada uno.<\/li><li>No se realizar\u00e1 ninguna comunicaci\u00f3n fuera de los cauces establecidos, cuidando la privacidad de las mismas.<\/li><li>Esto incluyen preguntas &#8220;personales&#8221;, todos sab\u00e9is qui\u00e9n lo organiza, pero NO responder\u00e9 ni abordar\u00e9 ninguna cuesti\u00f3n relativa al &#8220;evento&#8221;, ya que incluso negar\u00e9 la posibilidad de la existencia del mismo.<\/li><li>Ning\u00fan contenido ser\u00e1 compartido con terceros.<\/li><li>Si accedes, muestras tu conformidad para recibir notificaciones, propuestas o experimentar situaciones de car\u00e1cter l\u00fadico, l\u00fabrico, o de cualquier otra \u00edndole, siempre y cuando as\u00ed consientas, con el l\u00edmite del respeto personal y el &#8220;buen rollo&#8221;.<\/li><li>Entiendo y acepto que no, es no, respetando las decisiones de los dem\u00e1s tal como los dem\u00e1s deben respetar las m\u00edas.<\/li><li>Entiendo y acepto, que otros no digan no, respetando las decisiones de los dem\u00e1s tal como los dem\u00e1s deben respetar las m\u00edas.<\/li><li>Se prohiben &#8220;malos rollos&#8221;, juicios y prejuicios morales,\u00a0 piensa bien antes de aceptar, aunque siempre se respetar\u00e1 y permitir\u00e1 la posibilidad de abandonar.<\/li><li>Nadie est\u00e1 obligado a nada ni puede obligar a nadie.<\/li><li>Lo vamos a pasar muy bien y participar\u00e9 activamente con ese objetivo.<\/li><\/ul>\t\t\t\t\t\t\t\t<\/div>\n\t\t\t\t<\/div>\n\t\t\t\t\t<\/div>\n\t\t<\/div>\n\t\t\t\t\t<\/div>\n\t\t<\/section>\n\t\t\t\t<section class=\"elementor-section elementor-top-section elementor-element elementor-element-a47616c elementor-section-boxed elementor-section-height-default elementor-section-height-default\" data-id=\"a47616c\" data-element_type=\"section\" data-e-type=\"section\">\n\t\t\t\t\t\t<div class=\"elementor-container elementor-column-gap-default\">\n\t\t\t\t\t<div class=\"elementor-column elementor-col-100 elementor-top-column elementor-element elementor-element-e6f0e18\" data-id=\"e6f0e18\" data-element_type=\"column\" data-e-type=\"column\">\n\t\t\t<div class=\"elementor-widget-wrap elementor-element-populated\">\n\t\t\t\t\t\t<section class=\"elementor-section elementor-inner-section elementor-element elementor-element-fde5d37 elementor-section-boxed elementor-section-height-default elementor-section-height-default\" data-id=\"fde5d37\" data-element_type=\"section\" data-e-type=\"section\">\n\t\t\t\t\t\t<div class=\"elementor-container elementor-column-gap-default\">\n\t\t\t\t\t<div class=\"elementor-column elementor-col-50 elementor-inner-column elementor-element elementor-element-4c1504a\" data-id=\"4c1504a\" data-element_type=\"column\" data-e-type=\"column\">\n\t\t\t<div class=\"elementor-widget-wrap elementor-element-populated\">\n\t\t\t\t\t\t<div class=\"elementor-element elementor-element-f36089a elementor-align-center elementor-widget elementor-widget-button\" data-id=\"f36089a\" data-element_type=\"widget\" data-e-type=\"widget\" data-widget_type=\"button.default\">\n\t\t\t\t<div class=\"elementor-widget-container\">\n\t\t\t\t\t\t\t\t\t<div class=\"elementor-button-wrapper\">\n\t\t\t\t\t<a class=\"elementor-button elementor-button-link elementor-size-md\" href=\"https:\/\/bacchanalia.enmisitio.es\/\">\n\t\t\t\t\t\t<span class=\"elementor-button-content-wrapper\">\n\t\t\t\t\t\t\t\t\t<span class=\"elementor-button-text\">No, gracias, NO acepto las condiciones<\/span>\n\t\t\t\t\t<\/span>\n\t\t\t\t\t<\/a>\n\t\t\t\t<\/div>\n\t\t\t\t\t\t\t\t<\/div>\n\t\t\t\t<\/div>\n\t\t\t\t\t<\/div>\n\t\t<\/div>\n\t\t\t\t<div class=\"elementor-column elementor-col-50 elementor-inner-column elementor-element elementor-element-421bdfe\" data-id=\"421bdfe\" data-element_type=\"column\" data-e-type=\"column\">\n\t\t\t<div class=\"elementor-widget-wrap elementor-element-populated\">\n\t\t\t\t\t\t<div class=\"elementor-element elementor-element-ef7e94b elementor-align-center elementor-widget elementor-widget-button\" data-id=\"ef7e94b\" data-element_type=\"widget\" data-e-type=\"widget\" data-widget_type=\"button.default\">\n\t\t\t\t<div class=\"elementor-widget-container\">\n\t\t\t\t\t\t\t\t\t<div class=\"elementor-button-wrapper\">\n\t\t\t\t\t<a class=\"elementor-button elementor-button-link elementor-size-sm\" href=\"https:\/\/bacchanalia.enmisitio.es\/index.php\/register\/\">\n\t\t\t\t\t\t<span class=\"elementor-button-content-wrapper\">\n\t\t\t\t\t\t\t\t\t<span class=\"elementor-button-text\">Acepto, estoy de acuerdo<\/span>\n\t\t\t\t\t<\/span>\n\t\t\t\t\t<\/a>\n\t\t\t\t<\/div>\n\t\t\t\t\t\t\t\t<\/div>\n\t\t\t\t<\/div>\n\t\t\t\t\t<\/div>\n\t\t<\/div>\n\t\t\t\t\t<\/div>\n\t\t<\/section>\n\t\t\t\t\t<\/div>\n\t\t<\/div>\n\t\t\t\t\t<\/div>\n\t\t<\/section>\n\t\t\t\t<\/div>\n\t\t","protected":false},"excerpt":{"rendered":"<p>CONDICIONES Para continuar, debes aceptar las siguientes condiciones: Si est\u00e1s leyendo esto, significa que has sido personal y formalmente invitado. Nadie m\u00e1s deber\u00eda acceder a este sitio, salvo invitaci\u00f3n por parte del organizador. Este es un sitio de amigos, por lo tanto, el RESPETO y la cordialidad, se dan por supuestos. Todo el contenido de&hellip;&nbsp;<a href=\"https:\/\/bacchanalia.enmisitio.es\/index.php\/condiciones\/\" rel=\"bookmark\">Leer m\u00e1s &raquo;<span class=\"screen-reader-text\">Condiciones<\/span><\/a><\/p>\n","protected":false},"author":1,"featured_media":0,"parent":0,"menu_order":0,"comment_status":"closed","ping_status":"closed","template":"page-templates\/template-pagebuilder-full-width.php","meta":{"neve_meta_sidebar":"","neve_meta_container":"","neve_meta_enable_content_width":"","neve_meta_content_width":0,"neve_meta_title_alignment":"","neve_meta_author_avatar":"","neve_post_elements_order":"","neve_meta_disable_header":"on","neve_meta_disable_footer":"on","neve_meta_disable_title":"","footnotes":""},"class_list":["post-192","page","type-page","status-publish","hentry"],"_links":{"self":[{"href":"https:\/\/bacchanalia.enmisitio.es\/index.php\/wp-json\/wp\/v2\/pages\/192","targetHints":{"allow":["GET"]}}],"collection":[{"href":"https:\/\/bacchanalia.enmisitio.es\/index.php\/wp-json\/wp\/v2\/pages"}],"about":[{"href":"https:\/\/bacchanalia.enmisitio.es\/index.php\/wp-json\/wp\/v2\/types\/page"}],"author":[{"embeddable":true,"href":"https:\/\/bacchanalia.enmisitio.es\/index.php\/wp-json\/wp\/v2\/users\/1"}],"replies":[{"embeddable":true,"href":"https:\/\/bacchanalia.enmisitio.es\/index.php\/wp-json\/wp\/v2\/comments?post=192"}],"version-history":[{"count":16,"href":"https:\/\/bacchanalia.enmisitio.es\/index.php\/wp-json\/wp\/v2\/pages\/192\/revisions"}],"predecessor-version":[{"id":252,"href":"https:\/\/bacchanalia.enmisitio.es\/index.php\/wp-json\/wp\/v2\/pages\/192\/revisions\/252"}],"wp:attachment":[{"href":"https:\/\/bacchanalia.enmisitio.es\/index.php\/wp-json\/wp\/v2\/media?parent=192"}],"curies":[{"name":"wp","href":"https:\/\/api.w.org\/{rel}","templated":true}]}}