{"id":17,"date":"2022-03-01T16:51:23","date_gmt":"2022-03-01T15:51:23","guid":{"rendered":"https:\/\/bacchanalia.enmisitio.es\/?page_id=17"},"modified":"2024-05-27T17:18:24","modified_gmt":"2024-05-27T16:18:24","slug":"p_inicio","status":"publish","type":"page","link":"https:\/\/bacchanalia.enmisitio.es\/","title":{"rendered":"p_inicio"},"content":{"rendered":"\t\t<div data-elementor-type=\"wp-page\" data-elementor-id=\"17\" class=\"elementor elementor-17\">\n\t\t\t\t\t\t<section class=\"elementor-section elementor-top-section elementor-element elementor-element-1ae7a6c elementor-section-boxed elementor-section-height-default elementor-section-height-default\" data-id=\"1ae7a6c\" data-element_type=\"section\" data-e-type=\"section\">\n\t\t\t\t\t\t<div class=\"elementor-container elementor-column-gap-default\">\n\t\t\t\t\t<div class=\"elementor-column elementor-col-100 elementor-top-column elementor-element elementor-element-59e3a58\" data-id=\"59e3a58\" data-element_type=\"column\" data-e-type=\"column\">\n\t\t\t<div class=\"elementor-widget-wrap elementor-element-populated\">\n\t\t\t\t\t\t<div class=\"elementor-element elementor-element-e120e74 elementor-widget__width-inherit elementor-invisible elementor-widget elementor-widget-heading\" data-id=\"e120e74\" data-element_type=\"widget\" data-e-type=\"widget\" data-settings=\"{&quot;_animation&quot;:&quot;fadeInDown&quot;}\" data-widget_type=\"heading.default\">\n\t\t\t\t<div class=\"elementor-widget-container\">\n\t\t\t\t\t<h2 class=\"elementor-heading-title elementor-size-default\">Bienvenidos<\/h2>\t\t\t\t<\/div>\n\t\t\t\t<\/div>\n\t\t\t\t\t<\/div>\n\t\t<\/div>\n\t\t\t\t\t<\/div>\n\t\t<\/section>\n\t\t\t\t<section class=\"elementor-section elementor-top-section elementor-element elementor-element-430bacb elementor-section-boxed elementor-section-height-default elementor-section-height-default\" data-id=\"430bacb\" data-element_type=\"section\" data-e-type=\"section\">\n\t\t\t\t\t\t<div class=\"elementor-container elementor-column-gap-default\">\n\t\t\t\t\t<div class=\"elementor-column elementor-col-33 elementor-top-column elementor-element elementor-element-9358f21\" data-id=\"9358f21\" data-element_type=\"column\" data-e-type=\"column\">\n\t\t\t<div class=\"elementor-widget-wrap elementor-element-populated\">\n\t\t\t\t\t\t<div class=\"elementor-element elementor-element-c5796f2 elementor-widget elementor-widget-image\" data-id=\"c5796f2\" data-element_type=\"widget\" data-e-type=\"widget\" data-widget_type=\"image.default\">\n\t\t\t\t<div class=\"elementor-widget-container\">\n\t\t\t\t\t\t\t\t\t\t\t\t\t\t\t<img fetchpriority=\"high\" decoding=\"async\" width=\"800\" height=\"620\" src=\"https:\/\/bacchanalia.enmisitio.es\/wp-content\/uploads\/2022\/03\/PABLO-PICASSO-BACANAL.jpeg\" class=\"attachment-full size-full wp-image-48\" alt=\"\" srcset=\"https:\/\/bacchanalia.enmisitio.es\/wp-content\/uploads\/2022\/03\/PABLO-PICASSO-BACANAL.jpeg 800w, https:\/\/bacchanalia.enmisitio.es\/wp-content\/uploads\/2022\/03\/PABLO-PICASSO-BACANAL-300x233.jpeg 300w, https:\/\/bacchanalia.enmisitio.es\/wp-content\/uploads\/2022\/03\/PABLO-PICASSO-BACANAL-768x595.jpeg 768w\" sizes=\"(max-width: 800px) 100vw, 800px\" \/>\t\t\t\t\t\t\t\t\t\t\t\t\t\t\t<\/div>\n\t\t\t\t<\/div>\n\t\t\t\t\t<\/div>\n\t\t<\/div>\n\t\t\t\t<div class=\"elementor-column elementor-col-66 elementor-top-column elementor-element elementor-element-833652a\" data-id=\"833652a\" data-element_type=\"column\" data-e-type=\"column\">\n\t\t\t<div class=\"elementor-widget-wrap elementor-element-populated\">\n\t\t\t\t\t\t<div class=\"elementor-element elementor-element-8c1a8cd elementor-drop-cap-yes elementor-drop-cap-view-default elementor-widget elementor-widget-text-editor\" data-id=\"8c1a8cd\" data-element_type=\"widget\" data-e-type=\"widget\" data-settings=\"{&quot;drop_cap&quot;:&quot;yes&quot;}\" data-widget_type=\"text-editor.default\">\n\t\t\t\t<div class=\"elementor-widget-container\">\n\t\t\t\t\t\t\t\t\t<p>En el mundo griego y romano, las\u00a0<b>bacanales<\/b> (Lat\u00edn: <i>Bacchanalia<\/i>) eran fiestas en honor al dios Baco o Dionisio, en las que se beb\u00eda sin medida y el nombre ha quedado asociado a las org\u00edas romanas.\u00a0<\/p><p>Es frecuente encontrar como sin\u00f3nimo de\u00a0<strong>\u2018org\u00eda\u2019<\/strong>\u00a0el t\u00e9rmino <strong>\u2018bacanal\u2019<\/strong>\u00a0o referencias a las\u00a0<strong>\u2018bacanales romanas\u2019<\/strong>\u00a0como fiestas desenfrenadas en las que todos los presentes acababan practicando el sexo unos con otros.<\/p><p>Pero, lejos de la realidad, esas bacanales no eran licenciosos encuentros sexuales, sino una celebraci\u00f3n privada que se realizaba espor\u00e1dicamente en honor al\u00a0<strong>Dios Baco<\/strong> y en la que los asistentes com\u00edan, beb\u00edan, hablaban y se divert\u00edan, pero sin haber obligatoriamente connotaci\u00f3n sexual alguna&#8230;<\/p><p>\u00bfSeguro?, \u00bfQu\u00e9 pasar\u00eda si participaras en un una Bacanal? Si te atreves a descubrirlo, deja atr\u00e1s tus prejuicios y <strong><a href=\"https:\/\/bacchanalia.enmisitio.es\/index.php\/login\/\">ENTRA<\/a>, aunque si es la primera vez que accedes, debes <a href=\"https:\/\/bacchanalia.enmisitio.es\/index.php\/condiciones\/\">REGISTRARTE<\/a><\/strong><\/p>\t\t\t\t\t\t\t\t<\/div>\n\t\t\t\t<\/div>\n\t\t\t\t\t<\/div>\n\t\t<\/div>\n\t\t\t\t\t<\/div>\n\t\t<\/section>\n\t\t\t\t<\/div>\n\t\t","protected":false},"excerpt":{"rendered":"<p>Bienvenidos En el mundo griego y romano, las&nbsp;bacanales (Lat\u00edn: Bacchanalia) eran fiestas en honor al dios Baco o Dionisio, en las que se beb\u00eda sin medida y el nombre ha quedado asociado a las org\u00edas romanas.&nbsp; Es frecuente encontrar como sin\u00f3nimo de&nbsp;\u2018org\u00eda\u2019&nbsp;el t\u00e9rmino \u2018bacanal\u2019&nbsp;o referencias a las&nbsp;\u2018bacanales romanas\u2019&nbsp;como fiestas desenfrenadas en las que todos los&hellip;&nbsp;<a href=\"https:\/\/bacchanalia.enmisitio.es\/\" rel=\"bookmark\">Leer m\u00e1s &raquo;<span class=\"screen-reader-text\">p_inicio<\/span><\/a><\/p>\n","protected":false},"author":1,"featured_media":0,"parent":0,"menu_order":0,"comment_status":"closed","ping_status":"closed","template":"page-templates\/template-pagebuilder-full-width.php","meta":{"neve_meta_sidebar":"","neve_meta_container":"","neve_meta_enable_content_width":"","neve_meta_content_width":0,"neve_meta_title_alignment":"","neve_meta_author_avatar":"","neve_post_elements_order":"","neve_meta_disable_header":"on","neve_meta_disable_footer":"on","neve_meta_disable_title":"off","footnotes":""},"class_list":["post-17","page","type-page","status-publish","hentry"],"_links":{"self":[{"href":"https:\/\/bacchanalia.enmisitio.es\/index.php\/wp-json\/wp\/v2\/pages\/17","targetHints":{"allow":["GET"]}}],"collection":[{"href":"https:\/\/bacchanalia.enmisitio.es\/index.php\/wp-json\/wp\/v2\/pages"}],"about":[{"href":"https:\/\/bacchanalia.enmisitio.es\/index.php\/wp-json\/wp\/v2\/types\/page"}],"author":[{"embeddable":true,"href":"https:\/\/bacchanalia.enmisitio.es\/index.php\/wp-json\/wp\/v2\/users\/1"}],"replies":[{"embeddable":true,"href":"https:\/\/bacchanalia.enmisitio.es\/index.php\/wp-json\/wp\/v2\/comments?post=17"}],"version-history":[{"count":74,"href":"https:\/\/bacchanalia.enmisitio.es\/index.php\/wp-json\/wp\/v2\/pages\/17\/revisions"}],"predecessor-version":[{"id":337,"href":"https:\/\/bacchanalia.enmisitio.es\/index.php\/wp-json\/wp\/v2\/pages\/17\/revisions\/337"}],"wp:attachment":[{"href":"https:\/\/bacchanalia.enmisitio.es\/index.php\/wp-json\/wp\/v2\/media?parent=17"}],"curies":[{"name":"wp","href":"https:\/\/api.w.org\/{rel}","templated":true}]}}