{"id":12,"date":"2022-03-01T13:52:15","date_gmt":"2022-03-01T12:52:15","guid":{"rendered":"https:\/\/bacchanalia.enmisitio.es\/index.php\/register\/"},"modified":"2022-03-27T21:59:03","modified_gmt":"2022-03-27T20:59:03","slug":"register","status":"publish","type":"page","link":"https:\/\/bacchanalia.enmisitio.es\/index.php\/register\/","title":{"rendered":"Registro"},"content":{"rendered":"\n<div class=\"um um-register um-6\">\n\t<div class=\"um-form\" data-mode=\"register\">\n\t\t<form method=\"post\" action=\"\">\n\t\t\t<div class=\"um-row _um_row_1  um-customized-row\" style=\"padding: 0px 0px 0px 0px;margin: 0px 0px 30px 0px;border-width: 0px 0px 0px 0px;border-style: solid;border-radius: 0px;color: #000000 !important;\"><div class=\"um-col-1\"><div  id=\"um_field_6_alias_sugeridos\" class=\"um-field um-field-text  um-field-alias_sugeridos um-field-text um-field-type_text\" data-key=\"alias_sugeridos\"><div class=\"um-field-label\"><div class=\"um-field-label-icon\"><i class=\"um-icon-android-bulb\" aria-label=\"Sugerencia: Puedes elegir un Alias greco-romano: M\u00e1ximo, Afrodita, C\u00e9sar, Pen\u00e9lope, Ulises, Circe, etc..\"><\/i><\/div><label for=\"alias_sugeridos-6\">Sugerencia: Puedes elegir un Alias greco-romano: M\u00e1ximo, Afrodita, C\u00e9sar, Pen\u00e9lope, Ulises, Circe, etc..<\/label><div class=\"um-clear\"><\/div><\/div><div class=\"um-field-area\"><input  disabled=\"disabled\"  autocomplete=\"off\" class=\"um-form-field valid not-required \" type=\"text\" name=\"alias_sugeridos-6\" id=\"alias_sugeridos-6\" value=\"\" placeholder=\"\" data-validate=\"\" data-key=\"alias_sugeridos\"  aria-invalid=\"false\" \/>\n\n\t\t\t\t\t\t<\/div><input type=\"hidden\" name=\"alias_sugeridos-6\" value=\"\"\/><\/div><div  id=\"um_field_6_user_login\" class=\"um-field um-field-text  um-field-user_login um-field-text um-field-type_text\" data-key=\"user_login\"><div class=\"um-field-label\"><label for=\"user_login-6\">Alias<span class=\"um-req\" title=\"Obligatorio\">*<\/span><\/label><div class=\"um-clear\"><\/div><\/div><div class=\"um-field-area\"><input  autocomplete=\"off\" class=\"um-form-field valid \" type=\"text\" name=\"user_login-6\" id=\"user_login-6\" value=\"\" placeholder=\"\" data-validate=\"unique_username\" data-key=\"user_login\"  aria-invalid=\"false\" \/>\n\n\t\t\t\t\t\t<\/div><\/div><div  id=\"um_field_6_first_name\" class=\"um-field um-field-text  um-field-first_name um-field-text um-field-type_text\" data-key=\"first_name\"><div class=\"um-field-label\"><label for=\"first_name-6\">Nombre<span class=\"um-req\" title=\"Obligatorio\">*<\/span><\/label><div class=\"um-clear\"><\/div><\/div><div class=\"um-field-area\"><input  autocomplete=\"off\" class=\"um-form-field valid \" type=\"text\" name=\"first_name-6\" id=\"first_name-6\" value=\"\" placeholder=\"\" data-validate=\"\" data-key=\"first_name\"  aria-invalid=\"false\" \/>\n\n\t\t\t\t\t\t<\/div><\/div><div  id=\"um_field_6_user_email\" class=\"um-field um-field-text  um-field-user_email um-field-text um-field-type_text\" data-key=\"user_email\"><div class=\"um-field-label\"><label for=\"user_email-6\">E-mail<\/label><div class=\"um-clear\"><\/div><\/div><div class=\"um-field-area\"><input  autocomplete=\"off\" class=\"um-form-field valid not-required \" type=\"text\" name=\"user_email-6\" id=\"user_email-6\" value=\"\" placeholder=\"\" data-validate=\"unique_email\" data-key=\"user_email\"  aria-invalid=\"false\" \/>\n\n\t\t\t\t\t\t<\/div><\/div><div  id=\"um_field_6_user_password\" class=\"um-field um-field-password  um-field-user_password um-field-password um-field-type_password\" data-key=\"user_password\"><div class=\"um-field-label\"><label for=\"user_password-6\">Contrase\u00f1a<span class=\"um-req\" title=\"Obligatorio\">*<\/span><\/label><div class=\"um-clear\"><\/div><\/div><div class=\"um-field-area\"><input class=\"um-form-field valid \" type=\"password\" name=\"user_password-6\" id=\"user_password-6\" value=\"\" placeholder=\"\" data-validate=\"\" data-key=\"user_password\"  aria-invalid=\"false\" \/>\n\n\t\t\t\t\t\t\t<\/div><\/div><div  id=\"um_field_6_confirm_user_password\" class=\"um-field um-field-password  um-field-user_password um-field-password um-field-type_password\" data-key=\"confirm_user_password\"><div class=\"um-field-label\"><label for=\"confirm_user_password-6\">Confirmar Contrase\u00f1a<span class=\"um-req\" title=\"Obligatorio\">*<\/span><\/label><div class=\"um-clear\"><\/div><\/div><div class=\"um-field-area\"><input class=\"um-form-field valid \" type=\"password\" name=\"confirm_user_password-6\" id=\"confirm_user_password-6\" value=\"\" placeholder=\"Confirmar Contrase\u00f1a\" data-validate=\"\" data-key=\"confirm_user_password\"  aria-invalid=\"false\" \/><\/div><\/div><\/div><\/div>\t<input type=\"hidden\" name=\"form_id\" id=\"form_id_6\" value=\"6\" \/>\n\t\t<p class=\"um_request_name\">\n\t\t<label for=\"um_request_6\">Only fill in if you are not human<\/label>\n\t\t<input type=\"hidden\" name=\"um_request\" id=\"um_request_6\" class=\"input\" value=\"\" size=\"25\" autocomplete=\"off\" \/>\n\t<\/p>\n\t<input type=\"hidden\" id=\"_wpnonce\" name=\"_wpnonce\" value=\"b6afb3e90a\" \/><input type=\"hidden\" name=\"_wp_http_referer\" value=\"\/index.php\/wp-json\/wp\/v2\/pages\/12\" \/>\n\t<div class=\"um-col-alt\">\n\n\t\t\n\t\t\t<div class=\"um-left um-half\">\n\t\t\t\t<input type=\"submit\" value=\"Registro\" class=\"um-button\" id=\"um-submit-btn\" \/>\n\t\t\t<\/div>\n\t\t\t<div class=\"um-right um-half\">\n\t\t\t\t<a href=\"https:\/\/bacchanalia.enmisitio.es\" class=\"um-button um-alt\">\n\t\t\t\t\tVolver\t\t\t\t<\/a>\n\t\t\t<\/div>\n\n\t\t\n\t\t<div class=\"um-clear\"><\/div>\n\n\t<\/div>\n\n\t\t\t<\/form>\n\t<\/div>\n<\/div>\n<style>\n\t\t\t.um-6.um {\n\t\t\tmax-width: 450px;\n\t\t}\n\t\t<\/style>\n\n","protected":false},"excerpt":{"rendered":"","protected":false},"author":1,"featured_media":0,"parent":0,"menu_order":0,"comment_status":"closed","ping_status":"closed","template":"","meta":{"neve_meta_sidebar":"","neve_meta_container":"","neve_meta_enable_content_width":"","neve_meta_content_width":0,"neve_meta_title_alignment":"","neve_meta_author_avatar":"","neve_post_elements_order":"","neve_meta_disable_header":"","neve_meta_disable_footer":"on","neve_meta_disable_title":"","footnotes":""},"class_list":["post-12","page","type-page","status-publish","hentry"],"_links":{"self":[{"href":"https:\/\/bacchanalia.enmisitio.es\/index.php\/wp-json\/wp\/v2\/pages\/12","targetHints":{"allow":["GET"]}}],"collection":[{"href":"https:\/\/bacchanalia.enmisitio.es\/index.php\/wp-json\/wp\/v2\/pages"}],"about":[{"href":"https:\/\/bacchanalia.enmisitio.es\/index.php\/wp-json\/wp\/v2\/types\/page"}],"author":[{"embeddable":true,"href":"https:\/\/bacchanalia.enmisitio.es\/index.php\/wp-json\/wp\/v2\/users\/1"}],"replies":[{"embeddable":true,"href":"https:\/\/bacchanalia.enmisitio.es\/index.php\/wp-json\/wp\/v2\/comments?post=12"}],"version-history":[{"count":2,"href":"https:\/\/bacchanalia.enmisitio.es\/index.php\/wp-json\/wp\/v2\/pages\/12\/revisions"}],"predecessor-version":[{"id":324,"href":"https:\/\/bacchanalia.enmisitio.es\/index.php\/wp-json\/wp\/v2\/pages\/12\/revisions\/324"}],"wp:attachment":[{"href":"https:\/\/bacchanalia.enmisitio.es\/index.php\/wp-json\/wp\/v2\/media?parent=12"}],"curies":[{"name":"wp","href":"https:\/\/api.w.org\/{rel}","templated":true}]}}